{"id":2022,"date":"2020-10-26T17:40:00","date_gmt":"2020-10-26T17:40:00","guid":{"rendered":"https:\/\/staging-fr.fordrca.com\/quebec\/?page_id=2022"},"modified":"2025-04-15T11:09:19","modified_gmt":"2025-04-15T11:09:19","slug":"ford-ranger","status":"publish","type":"page","link":"https:\/\/fordpro.quebec\/montreal\/ford-ranger\/","title":{"rendered":"Ford Ranger"},"content":{"rendered":"<p>[et_pb_section fb_built=&#8221;1&#8243; admin_label=&#8221;Header&#8221; module_class=&#8221;header-section&#8221; _builder_version=&#8221;4.16&#8243; _module_preset=&#8221;default&#8221; global_colors_info=&#8221;{}&#8221;][et_pb_row module_class=&#8221;image-header&#8221; _builder_version=&#8221;4.16&#8243; _module_preset=&#8221;default&#8221; global_colors_info=&#8221;{}&#8221;][et_pb_column type=&#8221;4_4&#8243; _builder_version=&#8221;4.16&#8243; _module_preset=&#8221;default&#8221; global_colors_info=&#8221;{}&#8221;][et_pb_image src=&#8221;https:\/\/fordpro.quebec\/montreal\/wp-content\/uploads\/2025\/03\/Ranger_2025_Header_1920x1080.jpg&#8221; alt=&#8221;Ford Ranger&#8221; title_text=&#8221;Ranger_2025_Header_1920x1080&#8243; _builder_version=&#8221;4.27.4&#8243; _module_preset=&#8221;default&#8221; global_colors_info=&#8221;{}&#8221;][\/et_pb_image][\/et_pb_column][\/et_pb_row][\/et_pb_section][et_pb_section fb_built=&#8221;1&#8243; admin_label=&#8221;Introduction&#8221; module_class=&#8221;background-gray intro-long&#8221; _builder_version=&#8221;4.27.4&#8243; _module_preset=&#8221;default&#8221; height=&#8221;530px&#8221; height_tablet=&#8221;530px&#8221; height_phone=&#8221;530px&#8221; height_last_edited=&#8221;on|desktop&#8221; global_colors_info=&#8221;{}&#8221;][et_pb_row column_structure=&#8221;3_5,2_5&#8243; _builder_version=&#8221;4.16&#8243; _module_preset=&#8221;default&#8221; global_colors_info=&#8221;{}&#8221;][et_pb_column type=&#8221;3_5&#8243; _builder_version=&#8221;4.16&#8243; _module_preset=&#8221;default&#8221; global_colors_info=&#8221;{}&#8221;][et_pb_text admin_label=&#8221;titre&#8221; _builder_version=&#8221;4.27.4&#8243; _module_preset=&#8221;default&#8221; global_colors_info=&#8221;{}&#8221;]<\/p>\n<h1><strong>Ford Ranger : <\/strong><br \/>\u00c0 partir de 44 365 $<\/h1>\n<p>[\/et_pb_text][et_pb_text admin_label=&#8221;descriptif&#8221; module_class=&#8221;black&#8221; _builder_version=&#8221;4.27.4&#8243; _module_preset=&#8221;default&#8221; global_colors_info=&#8221;{}&#8221;]<\/p>\n<p> <strong> Le Ford Ranger 2025, c\u2019est le camion compact aux grandes promesses. Robuste, polyvalent et efficace, adapt\u00e9 aux environnements de travail les plus exigeants, le Ranger offre une capacit\u00e9 de remorquage impressionnant. Gr\u00e2ce \u00e0 son ch\u00e2ssis renforc\u00e9, sa capacit\u00e9 de remorquage impressionnante et ses technologies avanc\u00e9es, il est id\u00e9al pour les professionnels ayant besoin d\u2019un v\u00e9hicule fiable sur les chantiers comme sur la route. <\/strong><\/p>\n<p> De base, il se nourrit de la puissance d\u2019un 4 cylindres \u00e9conomique mais un V6 plus puissant est d\u00e9sormais offert. Les amateurs de performances appr\u00e9cieront aussi la version Raptor, encore plus spectaculaire, de cette camionnette largement pl\u00e9biscit\u00e9e. <\/p>\n<p>[\/et_pb_text][et_pb_button button_url=&#8221;#formulaire&#8221; button_text=&#8221;Le Ranger vous int\u00e9resse ?&#8221; module_class=&#8221;bouton&#8221; _builder_version=&#8221;4.16&#8243; _module_preset=&#8221;default&#8221; global_colors_info=&#8221;{}&#8221;][\/et_pb_button][\/et_pb_column][et_pb_column type=&#8221;2_5&#8243; module_class=&#8221;avantages&#8221; _builder_version=&#8221;4.16&#8243; _module_preset=&#8221;default&#8221; global_colors_info=&#8221;{}&#8221;][et_pb_text admin_label=&#8221;Pourquoi choisir&#8230;&#8221; _builder_version=&#8221;4.27.4&#8243; _module_preset=&#8221;default&#8221; global_colors_info=&#8221;{}&#8221;]<\/p>\n<h2>Pourquoi choisir le Ford Ranger<\/h2>\n<h3> Remorquage sans souci <\/h3>\n<p> Le Ranger est dot\u00e9 d\u2019un moteur puissant, offrant un couple optimal pour tracter jusqu\u2019\u00e0 7 500 lb. Les 400 livres-pied de couple qu\u2019il peut d\u00e9velopper vient confirmer cet imposant muscle. <\/p>\n<h3> Pr\u00eat pour l\u2019aventure <\/h3>\n<p> Ses d\u00e9clinaisons ax\u00e9es vers le hors route, comme le Tremor ou le Raptor, permettent au Ranger d\u2019affronter n\u2019importe quelles conditions, sans compromis et sans ralentir la journ\u00e9e de travail. <\/p>\n<h3> S\u00e9curit\u00e9 <\/h3>\n<p> On ne peut penser \u00e0 un Ranger sans penser s\u00e9curit\u00e9. La camionnette int\u00e8gre les technologies Ford Co-Pilot 360, incluant l\u2019aide au maintien de voie et le freinage d\u2019urgence automatique. <\/p>\n<p>[\/et_pb_text][\/et_pb_column][\/et_pb_row][\/et_pb_section][et_pb_section fb_built=&#8221;1&#8243; admin_label=&#8221;Sp\u00e9cifications&#8221; module_class=&#8221;lp_specs&#8221; _builder_version=&#8221;4.27.4&#8243; _module_preset=&#8221;default&#8221; hover_enabled=&#8221;0&#8243; global_colors_info=&#8221;{}&#8221; custom_padding_last_edited=&#8221;on|desktop&#8221; custom_padding=&#8221;||10rem||false|false&#8221; sticky_enabled=&#8221;0&#8243; custom_padding_tablet=&#8221;||10rem||false|false&#8221; custom_padding_phone=&#8221;||10rem||false|false&#8221;][et_pb_row column_structure=&#8221;1_2,1_2&#8243; _builder_version=&#8221;4.16&#8243; _module_preset=&#8221;default&#8221; global_colors_info=&#8221;{}&#8221;][et_pb_column type=&#8221;1_2&#8243; _builder_version=&#8221;4.16&#8243; _module_preset=&#8221;default&#8221; global_colors_info=&#8221;{}&#8221;][et_pb_accordion module_class=&#8221;accordeon&#8221; _builder_version=&#8221;4.27.4&#8243; _module_preset=&#8221;default&#8221; toggle_level=&#8221;h2&#8243; global_colors_info=&#8221;{}&#8221;][et_pb_accordion_item title=&#8221;Sp\u00e9cifications&#8221; open=&#8221;on&#8221; _builder_version=&#8221;4.27.4&#8243; _module_preset=&#8221;default&#8221; global_colors_info=&#8221;{}&#8221;]<\/p>\n<ul>\n<li>Moteur EcoBoost 4 cylindres, 2,3 L<\/li>\n<li>Moteur V6 2,7 L<\/li>\n<li>Moteur V6 3,0 L (Raptor)<\/li>\n<li>Puissance maximale de 405 chevaux<\/li>\n<li>Couple maximal de 400 livres-pied<\/li>\n<li>Capacit\u00e9 de remorquage jusqu\u2019\u00e0 7 500 lb<\/li>\n<li>Ford Co-Pilot 360<\/li>\n<li>SYNC 4 de s\u00e9rie<\/li>\n<li>\u00c9cran tactile 12 pouces<\/li>\n<li>Syst\u00e8me de gestion du terrain<\/li>\n<\/ul>\n<p>[\/et_pb_accordion_item][et_pb_accordion_item title=&#8221;\u00c9quipements&#8221; _builder_version=&#8221;4.27.4&#8243; _module_preset=&#8221;default&#8221; global_colors_info=&#8221;{}&#8221; open=&#8221;off&#8221;]<\/p>\n<ul>\n<li>\u00c9dition Tremor ou Raptor<\/li>\n<li>Cam\u00e9ra 360 degr\u00e9s disponible<\/li>\n<li>Pro Trailer Backup Assist<\/li>\n<li>Jusqu\u2019\u00e0 7 modes de conduite<\/li>\n<\/ul>\n<p>[\/et_pb_accordion_item][et_pb_accordion_item title=&#8221;Garantie&#8221; _builder_version=&#8221;4.27.4&#8243; _module_preset=&#8221;default&#8221; global_colors_info=&#8221;{}&#8221; open=&#8221;off&#8221;]<\/p>\n<ul>\n<li> Le Ford Ranger 2025 est couvert par une garantie 5 ans\/100 000 km sur le groupe motopropulseur. <\/li>\n<\/ul>\n<p>[\/et_pb_accordion_item][\/et_pb_accordion][\/et_pb_column][et_pb_column type=&#8221;1_2&#8243; _builder_version=&#8221;4.16&#8243; _module_preset=&#8221;default&#8221; global_colors_info=&#8221;{}&#8221;][et_pb_image src=&#8221;https:\/\/fordpro.quebec\/montreal\/wp-content\/uploads\/2025\/03\/Ranger_2025_1024x768.png&#8221; alt=&#8221;Ford Ranger&#8221; title_text=&#8221;Ranger_2025_1024x768&#8243; module_class=&#8221;modele-jellybean&#8221; _builder_version=&#8221;4.27.4&#8243; _module_preset=&#8221;default&#8221; global_colors_info=&#8221;{}&#8221;][\/et_pb_image][et_pb_text disabled_on=&#8221;on|on|on&#8221; _builder_version=&#8221;4.23.1&#8243; _module_preset=&#8221;default&#8221; text_text_color=&#8221;#000000&#8243; disabled=&#8221;on&#8221; global_colors_info=&#8221;{}&#8221;]<\/p>\n<h2><strong>Documentation<\/strong><\/h2>\n<p>[\/et_pb_text][et_pb_code disabled_on=&#8221;on|on|on&#8221; _builder_version=&#8221;4.23.1&#8243; _module_preset=&#8221;default&#8221; disabled=&#8221;on&#8221; global_colors_info=&#8221;{}&#8221;]<\/p>\n<div style=\"display: flex; justify-content: space-between\"><!-- [et_pb_line_break_holder] -->  <\/p>\n<div><!-- [et_pb_line_break_holder] -->    <\/p>\n<div class=\"doc-icon-row\"><!-- [et_pb_line_break_holder] -->      <img decoding=\"async\" src=\"https:\/\/fordpro.quebec\/montreal\/wp-content\/uploads\/2020\/10\/Icones_128x128_documents.png\" \/><!-- [et_pb_line_break_holder] -->      <pee class=\"uppercase fs-24\">Guide de remorquage<\/pee><!-- [et_pb_line_break_holder] -->    <\/div>\n<p><!-- [et_pb_line_break_holder] -->    <a class=\"et_pb_button download-button\" href=\"https:\/\/fordpro.quebec\/montreal\/wp-content\/uploads\/2022\/10\/2022_Guidederemorquage_FR.pdf\" target=\"_blank\" rel=\"noopener noreferrer\">T\u00e9l\u00e9charger<\/a><!-- [et_pb_line_break_holder] -->  <\/div>\n<p><!-- [et_pb_line_break_holder] --><\/div>\n<p>[\/et_pb_code][\/et_pb_column][\/et_pb_row][\/et_pb_section][et_pb_section fb_built=&#8221;1&#8243; admin_label=&#8221;Galerie&#8221; module_class=&#8221;background-gray galerie&#8221; _builder_version=&#8221;4.16&#8243; _module_preset=&#8221;default&#8221; global_colors_info=&#8221;{}&#8221;][et_pb_row module_class=&#8221;galerie-ligne&#8221; _builder_version=&#8221;4.16&#8243; _module_preset=&#8221;default&#8221; global_colors_info=&#8221;{}&#8221;][et_pb_column type=&#8221;4_4&#8243; _builder_version=&#8221;4.16&#8243; _module_preset=&#8221;default&#8221; global_colors_info=&#8221;{}&#8221;][et_pb_text _builder_version=&#8221;4.16&#8243; _module_preset=&#8221;default&#8221; text_text_color=&#8221;#000000&#8243; global_colors_info=&#8221;{}&#8221;]<\/p>\n<h2>Ford Ranger :<br \/><strong>Galerie photo<\/strong><\/h2>\n<p>[\/et_pb_text][et_pb_gallery gallery_ids=&#8221;3750,3751,3752,3754,3755,3756,3757,3758&#8243; posts_number=&#8221;8&#8243; show_title_and_caption=&#8221;off&#8221; show_pagination=&#8221;off&#8221; zoom_icon_color=&#8221;#5bc7f2&#8243; hover_overlay_color=&#8221;rgba(78,148,200,0.5)&#8221; hover_icon=&#8221;&#x4c;||divi||400&#8243; _builder_version=&#8221;4.27.4&#8243; _module_preset=&#8221;default&#8221; global_colors_info=&#8221;{}&#8221;][\/et_pb_gallery][\/et_pb_column][\/et_pb_row][\/et_pb_section][et_pb_section fb_built=&#8221;1&#8243; admin_label=&#8221;Formulaire de contact&#8221; module_id=&#8221;formulaire&#8221; module_class=&#8221;nous_contacter&#8221; _builder_version=&#8221;4.16&#8243; _module_preset=&#8221;default&#8221; global_colors_info=&#8221;{}&#8221;][et_pb_row _builder_version=&#8221;4.16&#8243; _module_preset=&#8221;default&#8221; global_colors_info=&#8221;{}&#8221;][et_pb_column type=&#8221;4_4&#8243; _builder_version=&#8221;4.16&#8243; _module_preset=&#8221;default&#8221; global_colors_info=&#8221;{}&#8221;][et_pb_text admin_label=&#8221;Titre&#8221; _builder_version=&#8221;4.16&#8243; _module_preset=&#8221;default&#8221; global_colors_info=&#8221;{}&#8221;]<\/p>\n<h2><strong>Nous contacter<\/strong><\/h2>\n<p>[\/et_pb_text][et_pb_text admin_label=&#8221;intro&#8221; module_class=&#8221;black&#8221; _builder_version=&#8221;4.16&#8243; _module_preset=&#8221;default&#8221; global_colors_info=&#8221;{}&#8221;]<\/p>\n<p>Vous \u00eates int\u00e9ress\u00e9 par le Ford Ranger ? Vous avez des questions ? Nous sommes \u00e0 votre disposition !<\/p>\n<p>Que ce soit pour une soumission ou pour des questions additionnelles, n\u2019h\u00e9sitez pas \u00e0 nous contacter. Notre \u00e9quipe est \u00e0 votre service.<\/p>\n<p>[\/et_pb_text][et_pb_code _builder_version=&#8221;4.16&#8243; global_colors_info=&#8221;{}&#8221;]\n\n<form id=\"dpp-form\" action=\"\/montreal\/wp-json\/wp\/v2\/pages\/2022\" method=\"post\" novalidate=\"novalidate\">\n  <div class=\"form-container-left\">\n    <h3 class=\"dpp-personal-information-title\">Vos informations personnelles<\/h3>\n\n    <p class=\"dpp-last-name-wrapper\">\n      <label for=\"dpp-last-name\">Nom *<\/label>\n      <input type=\"text\" name=\"dpp-last-name\" value=\"\" size=\"40\" required \/>\n    <\/p>\n    <p class=\"dpp-first-name-wrapper\">\n      <label for=\"dpp-first-name\">Pr\u00e9nom *<\/label>\n      <input type=\"text\" name=\"dpp-first-name\" value=\"\" size=\"40\" required \/>\n    <\/p>\n    <p class=\"dpp-email-wrapper\">\n      <label for=\"dpp-email\">Adresse Courriel *<\/label>\n      <input id=\"dpp-email\" type=\"email\" name=\"dpp-email\" value=\"\" size=\"40\" required \/>\n    <\/p>\n    <p class=\"dpp-phone-wrapper\">\n      <label for=\"dpp-phone\">Num\u00e9ro de t\u00e9l\u00e9phone<\/label>\n      <input type=\"tel\" name=\"dpp-phone\" value=\"\" size=\"10\" \/>\n    <\/p>\n    <p class=\"dpp-employer-wrapper\">\n      <label for=\"dpp-employer\">Entreprise<\/label>\n      <input type=\"text\" name=\"dpp-employer\" value=\"\" size=\"40\" \/>\n    <\/p>\n  <\/div>\n\n  <hr>\n\n  <div class=\"form-container-right\">\n    <h3 class=\"dpp-vehicle-list-title\">\n      Quels v\u00e9hicules vous int\u00e9ressent?      <span>(plusieurs choix possibles)<\/span>\n    <\/h3>\n\n    <input type=\"hidden\" name=\"dpp-selected-models\">\n    <div id=\"brand-list\">\n      <div class=\"brand-list-left\">\n        <ul>            <li class=\"car-brand-f-150\">\n              <label>\n                <input type=\"checkbox\" name=\"dpp-brands[ford][]\" value=\"f-150\" >&nbsp;\n                Ford F-150              <\/label>\n            <\/li>\n                    <li class=\"car-brand-f-150_ranger\">\n              <label>\n                <input type=\"checkbox\" name=\"dpp-brands[ford][]\" value=\"f-150_ranger\" checked>&nbsp;\n                Ford Ranger              <\/label>\n            <\/li>\n                    <li class=\"car-brand-f-150_lightning\">\n              <label>\n                <input type=\"checkbox\" name=\"dpp-brands[ford][]\" value=\"f-150_lightning\" >&nbsp;\n                Ford F-150 Lightning              <\/label>\n            <\/li>\n                    <li class=\"car-brand-ford_super_duty\">\n              <label>\n                <input type=\"checkbox\" name=\"dpp-brands[ford][]\" value=\"ford_super_duty\" >&nbsp;\n                Ford Super Duty              <\/label>\n            <\/li>\n                    <li class=\"car-brand-chassis_cabine\">\n              <label>\n                <input type=\"checkbox\" name=\"dpp-brands[ford][]\" value=\"chassis_cabine\" >&nbsp;\n                Ford Super Duty Ch\u00e2ssis Cabine              <\/label>\n            <\/li>\n                    <li class=\"car-brand-transit\">\n              <label>\n                <input type=\"checkbox\" name=\"dpp-brands[ford][]\" value=\"transit\" >&nbsp;\n                Ford Transit              <\/label>\n            <\/li>\n                    <li class=\"car-brand-transit_chassis_tronque\">\n              <label>\n                <input type=\"checkbox\" name=\"dpp-brands[ford][]\" value=\"transit_chassis_tronque\" >&nbsp;\n                Ford Transit Ch\u00e2ssis Tronqu\u00e9              <\/label>\n            <\/li>\n                    <li class=\"car-brand-e-transit\">\n              <label>\n                <input type=\"checkbox\" name=\"dpp-brands[ford][]\" value=\"e-transit\" >&nbsp;\n                Ford E-Transit              <\/label>\n            <\/li>\n                    <li class=\"car-brand-e-series\">\n              <label>\n                <input type=\"checkbox\" name=\"dpp-brands[ford][]\" value=\"e-series\" >&nbsp;\n                S\u00e9rie E              <\/label>\n            <\/li>\n        <\/ul><\/div><div class=\"brand-list-right\">      <\/div>\n    <\/div>\n    <p class=\"dpp-comments-wrapper\">\n      <label for=\"dpp-comments\">Commentaires<\/label>\n      <textarea name=\"dpp-comments\"><\/textarea>\n    <\/p>\n\n    <p class=\"dpp-agree_terms_conditions-wrapper\">\n      <label id=\"agree_terms_conditions\">\n        <input type=\"checkbox\" name=\"dpp-agree_terms_conditions\" value=\"true\" required> Je consens a\u0300 ce que Groupe Desjardins ou ses repre\u0301sentants autorise\u0301s communiquent avec moi aux coordonne\u0301es indique\u0301es ci-dessus.      <\/label>\n    <\/p>\n    <p class=\"dpp-submit-wrapper\">\n      <input type=\"submit\" name=\"dpp-submitted\" value=\"Envoyer\" \/>\n    <\/p>\n  <\/div>\n<\/form>\n\n<script type=\"text\/javascript\">\n  jQuery.noConflict();\n  jQuery.validator.addMethod(\"atLeastOneModelSelected\", function(value, element) {\n    var numberChecked = jQuery('input[name*=\"dpp-brands\"]:checked').length;\n    return numberChecked > 0;\n  });\n  (function($) {\n    $('#dpp-form').validate({\n      ignore: \"\",\n      rules: {\n        \"dpp-selected-models\": {\n          atLeastOneModelSelected: true\n        },\n        \"dpp-agree_terms_conditions\": {\n          required: true\n        }\n      },\n      messages: {\n        \"dpp-first-name\": \"Ce champ est obligatoire.\",\n        \"dpp-last-name\": \"Ce champ est obligatoire.\",\n        \"dpp-email\": \"Ce champ est obligatoire.\",\n        \"dpp-selected-models\": \"Veuillez s\u00e9lectionner au moins un mod\u00e8le.\",\n        \"dpp-agree_terms_conditions\": \"Veuillez accepter les termes et conditions.\"\n      },\n      errorPlacement: function(error, element) {\n        if (element.attr(\"name\") == \"dpp-agree_terms_conditions\") {\n          error.insertAfter(\"#agree_terms_conditions\");\n        } else if (element.attr(\"name\") == \"dpp-selected-models\") {\n          error.insertBefore(\"#brand-list\");\n        } else {\n          error.insertAfter(element);\n        }\n      }\n    });\n  })(jQuery);\n\n  jQuery(document).ready(function() {\n    jQuery('#dpp-form').submit(function(event) {\n      if (!jQuery(this).valid()) {\n        event.preventDefault();\n        return false;\n      }\n\n      var email = jQuery('#dpp-email').val();\n      var siteKey = '6LcFNYUlAAAAAPmVGXUGFLHNgZHHIoWigNhal4St';\n\n      grecaptcha.ready(function() {\n        grecaptcha.execute(siteKey, {\n          action: 'subscribe'\n        }).then(function(token) {\n          jQuery('#dpp-form').prepend('<input type=\"hidden\" name=\"dpp-submitted\" value=\"send\">');\n          jQuery('#dpp-form').prepend('<input type=\"hidden\" name=\"recaptcha_response\" value=\"' + token + '\">');\n          jQuery('#dpp-form').unbind('submit').submit();\n        });;\n      });\n    });\n  });\n<\/script>\n[\/et_pb_code][\/et_pb_column][\/et_pb_row][\/et_pb_section][et_pb_section fb_built=&#8221;1&#8243; admin_label=&#8221;Venez nous rencontrer&#8221; module_id=&#8221;contact&#8221; _builder_version=&#8221;4.6.5&#8243; _module_preset=&#8221;default&#8221; custom_css_main_element=&#8221;position: relative;||padding: 0!important;&#8221; global_module=&#8221;1904&#8243; saved_tabs=&#8221;all&#8221; collapsed=&#8221;on&#8221; global_colors_info=&#8221;{}&#8221;][et_pb_row _builder_version=&#8221;4.16&#8243; _module_preset=&#8221;default&#8221; custom_css_main_element=&#8221;padding: 0;||max-width: none;||width: 100%;||z-index: 1&#8243; global_colors_info=&#8221;{}&#8221;][et_pb_column type=&#8221;4_4&#8243; _builder_version=&#8221;4.16&#8243; _module_preset=&#8221;default&#8221; global_colors_info=&#8221;{}&#8221;][et_pb_map google_api_key=&#8221;AIzaSyAPW-lcLvbnk2mngNIP24haZVhV4QQvk18&#8243; address=&#8221;1150 boulevard Marcel Laurin  St-Laurent QC H4R1J7&#8243; zoom_level=&#8221;17&#8243; address_lat=&#8221;45.51082149827&#8243; address_lng=&#8221;-73.690396298447&#8243; mouse_wheel=&#8221;off&#8221; mobile_dragging=&#8221;off&#8221; _builder_version=&#8221;4.16&#8243; _module_preset=&#8221;default&#8221; height=&#8221;340px&#8221; global_colors_info=&#8221;{}&#8221;][\/et_pb_map][\/et_pb_column][\/et_pb_row][et_pb_row module_class=&#8221;venez-nous-rencontrer&#8221; _builder_version=&#8221;4.16&#8243; _module_preset=&#8221;default&#8221; global_colors_info=&#8221;{}&#8221;][et_pb_column type=&#8221;4_4&#8243; module_class=&#8221;colonne-contact&#8221; _builder_version=&#8221;4.16&#8243; _module_preset=&#8221;default&#8221; global_colors_info=&#8221;{}&#8221;][et_pb_text admin_label=&#8221;Venez nous rencontrer&#8221; _builder_version=&#8221;4.16&#8243; _module_preset=&#8221;default&#8221; text_text_color=&#8221;#ffffff&#8221; global_colors_info=&#8221;{}&#8221;]<\/p>\n<h2 style=\"color: white\">Venez nous<br \/><strong>rencontrer<\/strong><\/h2>\n<p>[\/et_pb_text][et_pb_text admin_label=&#8221;Concessionnaire&#8221; _builder_version=&#8221;4.16&#8243; _module_preset=&#8221;default&#8221; custom_css_main_element=&#8221;margin-bottom: 20px!important;&#8221; global_colors_info=&#8221;{}&#8221;]<\/p>\n<p><strong>Desjardins Ford Montr\u00e9al<\/strong><br \/><strong> Division commerciale<\/strong><\/p>\n<p>[\/et_pb_text][et_pb_text admin_label=&#8221;Adresse&#8221; _builder_version=&#8221;4.16&#8243; _module_preset=&#8221;default&#8221; custom_css_main_element=&#8221;margin-bottom: 20px!important;&#8221; global_colors_info=&#8221;{}&#8221;]<\/p>\n<p>1150 boulevard Marcel Laurin<br \/>St-Laurent QC H4R 1J7<\/p>\n<p>[\/et_pb_text][et_pb_button button_url=&#8221;https:\/\/fordpro.quebec\/montreal\/nous-joindre&#8221; button_text=&#8221;Nous contacter&#8221; admin_label=&#8221;Nous contacter&#8221; _builder_version=&#8221;4.16&#8243; _module_preset=&#8221;default&#8221; custom_css_main_element=&#8221;color: white!important;&#8221; global_colors_info=&#8221;{}&#8221;][\/et_pb_button][\/et_pb_column][\/et_pb_row][\/et_pb_section]<\/p>\n","protected":false},"excerpt":{"rendered":"<p>Ford Ranger : \u00c0 partir de 44 365 $ Le Ford Ranger 2025, c\u2019est le camion compact aux grandes promesses. Robuste, polyvalent et efficace, adapt\u00e9 aux environnements de travail les plus exigeants, le Ranger offre une capacit\u00e9 de remorquage impressionnant. Gr\u00e2ce \u00e0 son ch\u00e2ssis renforc\u00e9, sa capacit\u00e9 de remorquage impressionnante et ses technologies avanc\u00e9es, il [&hellip;]<\/p>\n","protected":false},"author":9,"featured_media":0,"parent":0,"menu_order":0,"comment_status":"closed","ping_status":"closed","template":"","meta":{"_et_pb_use_builder":"on","_et_pb_old_content":"","_et_gb_content_width":"","footnotes":""},"class_list":["post-2022","page","type-page","status-publish","hentry"],"_links":{"self":[{"href":"https:\/\/fordpro.quebec\/montreal\/wp-json\/wp\/v2\/pages\/2022","targetHints":{"allow":["GET"]}}],"collection":[{"href":"https:\/\/fordpro.quebec\/montreal\/wp-json\/wp\/v2\/pages"}],"about":[{"href":"https:\/\/fordpro.quebec\/montreal\/wp-json\/wp\/v2\/types\/page"}],"author":[{"embeddable":true,"href":"https:\/\/fordpro.quebec\/montreal\/wp-json\/wp\/v2\/users\/9"}],"replies":[{"embeddable":true,"href":"https:\/\/fordpro.quebec\/montreal\/wp-json\/wp\/v2\/comments?post=2022"}],"version-history":[{"count":42,"href":"https:\/\/fordpro.quebec\/montreal\/wp-json\/wp\/v2\/pages\/2022\/revisions"}],"predecessor-version":[{"id":3904,"href":"https:\/\/fordpro.quebec\/montreal\/wp-json\/wp\/v2\/pages\/2022\/revisions\/3904"}],"wp:attachment":[{"href":"https:\/\/fordpro.quebec\/montreal\/wp-json\/wp\/v2\/media?parent=2022"}],"curies":[{"name":"wp","href":"https:\/\/api.w.org\/{rel}","templated":true}]}}